{"id":43,"date":"2015-11-17T12:18:07","date_gmt":"2015-11-17T12:18:07","guid":{"rendered":"http:\/\/portail.avollard.ac-reunion.fr\/wordpress\/designaa\/?page_id=43"},"modified":"2016-02-14T20:43:47","modified_gmt":"2016-02-14T16:43:47","slug":"realisations","status":"publish","type":"page","link":"https:\/\/portail.avollard.ac-reunion.fr\/wordpress\/designaa\/realisations\/","title":{"rendered":"R\u00e9alisations"},"content":{"rendered":"<p>Les r\u00e9alisations de la section: projets, concours, participation \u00e0 diverses manifestations&#8230;<\/p>\n<p>Les projets des ann\u00e9es pr\u00e9c\u00e9dentes sont visibles sur l&#8217;<a href=\"http:\/\/pedagogie2.ac-reunion.fr\/lyc-a.vollard\/\" target=\"_blank\">ancien site de la section<\/a>, con\u00e7u et administr\u00e9 par M. Alain Ducros.<\/p>\n<p>Le serveur sur lequel est h\u00e9berg\u00e9 ce site est appel\u00e9 \u00e0 disparaitre prochainement mais il sera d\u00e9plac\u00e9 afin d&#8217;en conserver le contenu, tr\u00e8s riche.<\/p>\n","protected":false},"excerpt":{"rendered":"<p>Les r\u00e9alisations de la section: projets, concours, participation \u00e0 diverses manifestations&#8230; Les projets des ann\u00e9es pr\u00e9c\u00e9dentes sont visibles sur l&#8217;ancien site de la section, con\u00e7u et administr\u00e9 par M. Alain Ducros. Le serveur sur lequel est h\u00e9berg\u00e9 ce site est appel\u00e9 \u00e0 disparaitre prochainement mais il sera d\u00e9plac\u00e9 afin d&#8217;en conserver le contenu, tr\u00e8s riche.<\/p>\n","protected":false},"author":5092,"featured_media":0,"parent":0,"menu_order":0,"comment_status":"closed","ping_status":"open","template":"","meta":{"_links_to":"","_links_to_target":""},"_links":{"self":[{"href":"https:\/\/portail.avollard.ac-reunion.fr\/wordpress\/designaa\/wp-json\/wp\/v2\/pages\/43"}],"collection":[{"href":"https:\/\/portail.avollard.ac-reunion.fr\/wordpress\/designaa\/wp-json\/wp\/v2\/pages"}],"about":[{"href":"https:\/\/portail.avollard.ac-reunion.fr\/wordpress\/designaa\/wp-json\/wp\/v2\/types\/page"}],"author":[{"embeddable":true,"href":"https:\/\/portail.avollard.ac-reunion.fr\/wordpress\/designaa\/wp-json\/wp\/v2\/users\/5092"}],"replies":[{"embeddable":true,"href":"https:\/\/portail.avollard.ac-reunion.fr\/wordpress\/designaa\/wp-json\/wp\/v2\/comments?post=43"}],"version-history":[{"count":3,"href":"https:\/\/portail.avollard.ac-reunion.fr\/wordpress\/designaa\/wp-json\/wp\/v2\/pages\/43\/revisions"}],"predecessor-version":[{"id":94,"href":"https:\/\/portail.avollard.ac-reunion.fr\/wordpress\/designaa\/wp-json\/wp\/v2\/pages\/43\/revisions\/94"}],"wp:attachment":[{"href":"https:\/\/portail.avollard.ac-reunion.fr\/wordpress\/designaa\/wp-json\/wp\/v2\/media?parent=43"}],"curies":[{"name":"wp","href":"https:\/\/api.w.org\/{rel}","templated":true}]}}