{"id":2,"date":"2015-11-13T05:16:18","date_gmt":"2015-11-13T05:16:18","guid":{"rendered":"http:\/\/portail.avollard.ac-reunion.fr\/wordpress\/designaa\/?page_id=2"},"modified":"2015-11-20T06:56:29","modified_gmt":"2015-11-20T06:56:29","slug":"page-d-exemple","status":"publish","type":"page","link":"https:\/\/portail.avollard.ac-reunion.fr\/wordpress\/designaa\/page-d-exemple\/","title":{"rendered":"Formations"},"content":{"rendered":"<p>La section Arts Appliqu\u00e9s du Lyc\u00e9e Ambroise Vollard propose actuellement deux formations:<\/p>\n<ul>\n<li><strong>La 2nde C&amp;CD, enseignement d&#8217;exploration Cr\u00e9ation et Culture Design<\/strong> donnant acc\u00e8s au <strong>cycle terminal du Bac STD2A (Sciences et Technologies du Design et des Arts Appliqu\u00e9s). <\/strong>Cette formation est accessible aux <strong>\u00e9l\u00e8ves issus de la classe de 3\u00e8me de coll\u00e8ge<\/strong>. Selon les changements d&#8217;orientations possibles en fin de seconde C&amp;CD, une seconde phase de recrutement peut avoir lieu pour une <strong>entr\u00e9e directement en 1\u00e8re STD2A.<\/strong><\/li>\n<\/ul>\n<ul>\n<li><strong>La M\u00e0N AA (Mise \u00e0 Niveau Arts Appliqu\u00e9s)<\/strong> qui s&#8217;adresse \u00e0 des <strong>\u00e9l\u00e8ves ayant un BAC g\u00e9n\u00e9ral<\/strong> et souhaitant faire des \u00e9tudes sup\u00e9rieure d&#8217;arts appliqu\u00e9s.<\/li>\n<\/ul>\n<p>Ces <strong>formations \u00e0 la fois artistiques et techniques<\/strong> privil\u00e9gient la <strong>d\u00e9marche cr\u00e9atrice<\/strong>. Dans les diff\u00e9rents domaines abord\u00e9s (graphisme, mode, objet, espace&#8230;) la <strong>prise en compte d&#8217;un cahier des charges et de contraintes<\/strong> est une constante. La <strong>culture artistique et design<\/strong> et les <strong>connaissances technologiques<\/strong> sont essentielles \u00e0 la r\u00e9ussite. Le <strong>travail personnel<\/strong> demand\u00e9 est important.<\/p>\n<p>Par la suite, ces \u00e9l\u00e8ves poursuivent leurs \u00e9tudes dans diverses formations sup\u00e9rieures sp\u00e9cialis\u00e9es de l&#8217;enseignement public ou priv\u00e9: BTS arts appliqu\u00e9s, DMA (dipl\u00f4me des m\u00e9tiers d\u2019art), CPGE (classe pr\u00e9paratoire aux grandes \u00e9coles), \u00e9coles d\u2019arts, \u00e9coles d\u2019architecture, universit\u00e9&#8230;<\/p>\n<p>Pour de plus amples informations sur les formations post-Bac, les \u00e9coles, les passerelles possibles, nous vous recommandons de visiter le <a href=\"http:\/\/designetartsappliques.fr\/\" target=\"_blank\">site national des arts appliqu\u00e9s<\/a>.<\/p>\n","protected":false},"excerpt":{"rendered":"<p>La section Arts Appliqu\u00e9s du Lyc\u00e9e Ambroise Vollard propose actuellement deux formations: La 2nde C&amp;CD, enseignement d&#8217;exploration Cr\u00e9ation et Culture Design donnant acc\u00e8s au cycle terminal du Bac STD2A (Sciences et Technologies du Design et des Arts Appliqu\u00e9s). Cette formation est accessible aux \u00e9l\u00e8ves issus de la classe de 3\u00e8me de coll\u00e8ge. Selon les changements &hellip; <a href=\"https:\/\/portail.avollard.ac-reunion.fr\/wordpress\/designaa\/page-d-exemple\/\" class=\"more-link\">Continuer la lecture de <span class=\"screen-reader-text\">Formations<\/span>  <span class=\"meta-nav\">&rarr;<\/span><\/a><\/p>\n","protected":false},"author":3479,"featured_media":0,"parent":0,"menu_order":0,"comment_status":"closed","ping_status":"open","template":"","meta":{"_links_to":"","_links_to_target":""},"_links":{"self":[{"href":"https:\/\/portail.avollard.ac-reunion.fr\/wordpress\/designaa\/wp-json\/wp\/v2\/pages\/2"}],"collection":[{"href":"https:\/\/portail.avollard.ac-reunion.fr\/wordpress\/designaa\/wp-json\/wp\/v2\/pages"}],"about":[{"href":"https:\/\/portail.avollard.ac-reunion.fr\/wordpress\/designaa\/wp-json\/wp\/v2\/types\/page"}],"author":[{"embeddable":true,"href":"https:\/\/portail.avollard.ac-reunion.fr\/wordpress\/designaa\/wp-json\/wp\/v2\/users\/3479"}],"replies":[{"embeddable":true,"href":"https:\/\/portail.avollard.ac-reunion.fr\/wordpress\/designaa\/wp-json\/wp\/v2\/comments?post=2"}],"version-history":[{"count":10,"href":"https:\/\/portail.avollard.ac-reunion.fr\/wordpress\/designaa\/wp-json\/wp\/v2\/pages\/2\/revisions"}],"predecessor-version":[{"id":59,"href":"https:\/\/portail.avollard.ac-reunion.fr\/wordpress\/designaa\/wp-json\/wp\/v2\/pages\/2\/revisions\/59"}],"wp:attachment":[{"href":"https:\/\/portail.avollard.ac-reunion.fr\/wordpress\/designaa\/wp-json\/wp\/v2\/media?parent=2"}],"curies":[{"name":"wp","href":"https:\/\/api.w.org\/{rel}","templated":true}]}}