{"id":183,"date":"2016-02-21T15:12:34","date_gmt":"2016-02-21T11:12:34","guid":{"rendered":"http:\/\/portail.avollard.ac-reunion.fr\/wordpress\/designaa\/?page_id=183"},"modified":"2016-02-21T15:43:15","modified_gmt":"2016-02-21T11:43:15","slug":"bac-2015-et-anterieurs","status":"publish","type":"page","link":"https:\/\/portail.avollard.ac-reunion.fr\/wordpress\/designaa\/resultats-du-bac\/bac-2015-et-anterieurs\/","title":{"rendered":"Bac 2015 et ant\u00e9rieurs"},"content":{"rendered":"<hr \/>\n<p>Si vous souhaitez consulter les r\u00e9sultats du Bac ant\u00e9rieurs \u00e0 2016, vous devez vous rendre sur l&#8217;<a href=\"http:\/\/pedagogie2.ac-reunion.fr\/lyc-a.vollard\/\" target=\"_blank\">ancien site de la section Arts Appliqu\u00e9s<\/a> et cliquer sur <em>Arts Appliqu\u00e9s<\/em> dans la barre de menu puis sur l&#8217;onglet N\u00b02, situ\u00e9 \u00e0 gauche dans la page.<\/p>\n","protected":false},"excerpt":{"rendered":"<p>Si vous souhaitez consulter les r\u00e9sultats du Bac ant\u00e9rieurs \u00e0 2016, vous devez vous rendre sur l&#8217;ancien site de la section Arts Appliqu\u00e9s et cliquer sur Arts Appliqu\u00e9s dans la barre de menu puis sur l&#8217;onglet N\u00b02, situ\u00e9 \u00e0 gauche dans la page.<\/p>\n","protected":false},"author":5092,"featured_media":0,"parent":38,"menu_order":0,"comment_status":"closed","ping_status":"closed","template":"","meta":{"_links_to":"","_links_to_target":""},"_links":{"self":[{"href":"https:\/\/portail.avollard.ac-reunion.fr\/wordpress\/designaa\/wp-json\/wp\/v2\/pages\/183"}],"collection":[{"href":"https:\/\/portail.avollard.ac-reunion.fr\/wordpress\/designaa\/wp-json\/wp\/v2\/pages"}],"about":[{"href":"https:\/\/portail.avollard.ac-reunion.fr\/wordpress\/designaa\/wp-json\/wp\/v2\/types\/page"}],"author":[{"embeddable":true,"href":"https:\/\/portail.avollard.ac-reunion.fr\/wordpress\/designaa\/wp-json\/wp\/v2\/users\/5092"}],"replies":[{"embeddable":true,"href":"https:\/\/portail.avollard.ac-reunion.fr\/wordpress\/designaa\/wp-json\/wp\/v2\/comments?post=183"}],"version-history":[{"count":6,"href":"https:\/\/portail.avollard.ac-reunion.fr\/wordpress\/designaa\/wp-json\/wp\/v2\/pages\/183\/revisions"}],"predecessor-version":[{"id":200,"href":"https:\/\/portail.avollard.ac-reunion.fr\/wordpress\/designaa\/wp-json\/wp\/v2\/pages\/183\/revisions\/200"}],"up":[{"embeddable":true,"href":"https:\/\/portail.avollard.ac-reunion.fr\/wordpress\/designaa\/wp-json\/wp\/v2\/pages\/38"}],"wp:attachment":[{"href":"https:\/\/portail.avollard.ac-reunion.fr\/wordpress\/designaa\/wp-json\/wp\/v2\/media?parent=183"}],"curies":[{"name":"wp","href":"https:\/\/api.w.org\/{rel}","templated":true}]}}